{"id":15149,"date":"2025-01-21T14:21:07","date_gmt":"2025-01-21T17:21:07","guid":{"rendered":"https:\/\/fia.com.br\/graduacao\/?page_id=15149"},"modified":"2025-01-21T14:21:07","modified_gmt":"2025-01-21T17:21:07","slug":"consulta-diploma","status":"publish","type":"page","link":"https:\/\/fia.com.br\/graduacao\/consulta-diploma\/","title":{"rendered":"Consulta Diploma"},"content":{"rendered":"\t\t<div data-elementor-type=\"wp-page\" data-elementor-id=\"15149\" class=\"elementor elementor-15149\" data-elementor-post-type=\"page\">\n\t\t\t\t\t\t<section class=\"elementor-section elementor-top-section elementor-element elementor-element-536afa13 elementor-section-boxed elementor-section-height-default elementor-section-height-default\" data-id=\"536afa13\" data-element_type=\"section\">\n\t\t\t\t\t\t<div class=\"elementor-container elementor-column-gap-default\">\n\t\t\t\t\t<div class=\"elementor-column elementor-col-50 elementor-top-column elementor-element elementor-element-8ab3a general-sidebar\" data-id=\"8ab3a\" data-element_type=\"column\">\n\t\t\t<div class=\"elementor-widget-wrap\">\n\t\t\t\t\t\t\t<\/div>\n\t\t<\/div>\n\t\t\t\t<div class=\"elementor-column elementor-col-50 elementor-top-column elementor-element elementor-element-5080b4cd about-content-text\" data-id=\"5080b4cd\" data-element_type=\"column\">\n\t\t\t<div class=\"elementor-widget-wrap elementor-element-populated\">\n\t\t\t\t\t\t<div class=\"elementor-element elementor-element-1eaca139 elementor-widget elementor-widget-heading\" data-id=\"1eaca139\" data-element_type=\"widget\" data-widget_type=\"heading.default\">\n\t\t\t\t<div class=\"elementor-widget-container\">\n\t\t\t<style>\/*! elementor - v3.22.0 - 26-06-2024 *\/\n.elementor-heading-title{padding:0;margin:0;line-height:1}.elementor-widget-heading .elementor-heading-title[class*=elementor-size-]>a{color:inherit;font-size:inherit;line-height:inherit}.elementor-widget-heading .elementor-heading-title.elementor-size-small{font-size:15px}.elementor-widget-heading .elementor-heading-title.elementor-size-medium{font-size:19px}.elementor-widget-heading .elementor-heading-title.elementor-size-large{font-size:29px}.elementor-widget-heading .elementor-heading-title.elementor-size-xl{font-size:39px}.elementor-widget-heading .elementor-heading-title.elementor-size-xxl{font-size:59px}<\/style><h3 class=\"elementor-heading-title elementor-size-default\">Consulta P\u00fablica de Diplomas expedidos a partir do m\u00eas de agosto de 2019<\/h3>\t\t<\/div>\n\t\t\t\t<\/div>\n\t\t\t\t<div class=\"elementor-element elementor-element-49989c83 elementor-widget elementor-widget-text-editor\" data-id=\"49989c83\" data-element_type=\"widget\" data-widget_type=\"text-editor.default\">\n\t\t\t\t<div class=\"elementor-widget-container\">\n\t\t\t<style>\/*! elementor - v3.22.0 - 26-06-2024 *\/\n.elementor-widget-text-editor.elementor-drop-cap-view-stacked .elementor-drop-cap{background-color:#69727d;color:#fff}.elementor-widget-text-editor.elementor-drop-cap-view-framed .elementor-drop-cap{color:#69727d;border:3px solid;background-color:transparent}.elementor-widget-text-editor:not(.elementor-drop-cap-view-default) .elementor-drop-cap{margin-top:8px}.elementor-widget-text-editor:not(.elementor-drop-cap-view-default) .elementor-drop-cap-letter{width:1em;height:1em}.elementor-widget-text-editor .elementor-drop-cap{float:left;text-align:center;line-height:1;font-size:50px}.elementor-widget-text-editor .elementor-drop-cap-letter{display:inline-block}<\/style>\t\t\t\t<!-- wp:paragraph -->\n<p>Para obter a confirma\u00e7\u00e3o do diploma, Informe o nome completo, n\u00famero de expedi\u00e7\u00e3o e n\u00famero do registro.<\/p>\n<!-- \/wp:paragraph --><!-- wp:shortcode --><!-- \/wp:shortcode -->\t\t\t\t\t\t<\/div>\n\t\t\t\t<\/div>\n\t\t\t\t<div class=\"elementor-element elementor-element-724731c3 elementor-widget elementor-widget-shortcode\" data-id=\"724731c3\" data-element_type=\"widget\" data-widget_type=\"shortcode.default\">\n\t\t\t\t<div class=\"elementor-widget-container\">\n\t\t\t\t\t<div class=\"elementor-shortcode\">\r\n<form role=\"search\" method=\"post\" class=\"search-form\" >\r\n\r\n\t<label for=\"fia_certificados_nome\">Nome Completo<\/label>\r\n    <input\r\n    \ttype=\"text\"\r\n    \tname=\"fia_certificados_nome\"\r\n    \tid=\"fia_certificados_nome\"\r\n    \trequired=\"required\"\r\n    \/>\r\n    <label for=\"fia_certificados_processo\">N\u00famero de expedi\u00e7\u00e3o<\/label>\r\n    <input\r\n    \ttype=\"text\"\r\n    \tname=\"fia_certificados_expedicao\"\r\n    \tid=\"fia_certificados_expedicao\"\r\n    \trequired=\"required\"\r\n\r\n    \/>\r\n    <label for=\"fia_certificados_registro\">N\u00famero do registro<\/label>\r\n    <input\r\n    \ttype=\"text\"\r\n    \tname=\"fia_certificados_registro\"\r\n    \tid=\"fia_certificados_registro\"\r\n    \trequired=\"required\"\r\n\r\n    \/>\r\n\r\n    <button type=\"submit\" name=\"fia_certificados_post\" style=\"margin-top: 20px;\" ><i class=\"fa fa-search\"><\/i> Buscar<\/button>\r\n    <input type=\"text\" name=\"recaptcha_response\" id=\"recaptchaResponse\" style=\"display: none;\">\r\n<\/form>\r\n\r\n <script src=\"https:\/\/www.google.com\/recaptcha\/api.js?render=6LcZnLsUAAAAAE9xD1eXaJEJuVSCoATAsSgLzt05\"><\/script>\r\n  <script>\r\n  grecaptcha.ready(function() {\r\n      grecaptcha.execute('6LcZnLsUAAAAAE9xD1eXaJEJuVSCoATAsSgLzt05', {action: 'register'}).then(function(token) {\r\n        var recaptchaResponse = document.getElementById('recaptchaResponse');\r\n        recaptchaResponse.value = token;\r\n      });\r\n  });\r\n  <\/script>\r\n\r\n\r\n<style>\r\n\r\n<\/style>\r\n<\/div>\n\t\t\t\t<\/div>\n\t\t\t\t<\/div>\n\t\t\t\t\t<\/div>\n\t\t<\/div>\n\t\t\t\t\t<\/div>\n\t\t<\/section>\n\t\t\t\t<\/div>\n\t\t","protected":false},"excerpt":{"rendered":"<p>Consulta P\u00fablica de Diplomas expedidos a partir do m\u00eas de agosto de 2019 Para obter a confirma\u00e7\u00e3o do diploma, Informe o nome completo, n\u00famero de expedi\u00e7\u00e3o e n\u00famero do registro.<\/p>\n","protected":false},"author":57,"featured_media":0,"parent":0,"menu_order":0,"comment_status":"closed","ping_status":"closed","template":"elementor_header_footer","meta":{"_acf_changed":false,"footnotes":""},"class_list":["post-15149","page","type-page","status-publish","hentry"],"acf":[],"yoast_head":"<!-- This site is optimized with the Yoast SEO plugin v23.5 - https:\/\/yoast.com\/wordpress\/plugins\/seo\/ -->\n<title>Consulta Diploma - Gradua\u00e7\u00e3o<\/title>\n<meta name=\"robots\" content=\"index, follow, max-snippet:-1, max-image-preview:large, max-video-preview:-1\" \/>\n<link rel=\"canonical\" href=\"https:\/\/fia.com.br\/graduacao\/consulta-diploma\/\" \/>\n<meta property=\"og:locale\" content=\"pt_BR\" \/>\n<meta property=\"og:type\" content=\"article\" \/>\n<meta property=\"og:title\" content=\"Consulta Diploma - Gradua\u00e7\u00e3o\" \/>\n<meta property=\"og:description\" content=\"Consulta P\u00fablica de Diplomas expedidos a partir do m\u00eas de agosto de 2019 Para obter a confirma\u00e7\u00e3o do diploma, Informe o nome completo, n\u00famero de expedi\u00e7\u00e3o e n\u00famero do registro.\" \/>\n<meta property=\"og:url\" content=\"https:\/\/fia.com.br\/graduacao\/consulta-diploma\/\" \/>\n<meta property=\"og:site_name\" content=\"Gradua\u00e7\u00e3o\" \/>\n<meta name=\"twitter:card\" content=\"summary_large_image\" \/>\n<meta name=\"twitter:label1\" content=\"Est. tempo de leitura\" \/>\n\t<meta name=\"twitter:data1\" content=\"1 minuto\" \/>\n<script type=\"application\/ld+json\" class=\"yoast-schema-graph\">{\"@context\":\"https:\/\/schema.org\",\"@graph\":[{\"@type\":\"WebPage\",\"@id\":\"https:\/\/fia.com.br\/graduacao\/consulta-diploma\/\",\"url\":\"https:\/\/fia.com.br\/graduacao\/consulta-diploma\/\",\"name\":\"Consulta Diploma - Gradua\u00e7\u00e3o\",\"isPartOf\":{\"@id\":\"https:\/\/fia.com.br\/graduacao\/#website\"},\"datePublished\":\"2025-01-21T17:21:07+00:00\",\"dateModified\":\"2025-01-21T17:21:07+00:00\",\"breadcrumb\":{\"@id\":\"https:\/\/fia.com.br\/graduacao\/consulta-diploma\/#breadcrumb\"},\"inLanguage\":\"pt-BR\",\"potentialAction\":[{\"@type\":\"ReadAction\",\"target\":[\"https:\/\/fia.com.br\/graduacao\/consulta-diploma\/\"]}]},{\"@type\":\"BreadcrumbList\",\"@id\":\"https:\/\/fia.com.br\/graduacao\/consulta-diploma\/#breadcrumb\",\"itemListElement\":[{\"@type\":\"ListItem\",\"position\":1,\"name\":\"In\u00edcio\",\"item\":\"https:\/\/fia.com.br\/graduacao\/\"},{\"@type\":\"ListItem\",\"position\":2,\"name\":\"Consulta Diploma\"}]},{\"@type\":\"WebSite\",\"@id\":\"https:\/\/fia.com.br\/graduacao\/#website\",\"url\":\"https:\/\/fia.com.br\/graduacao\/\",\"name\":\"FIA\",\"description\":\"FIA - Funda\u00e7\u00e3o Instituto de Administra\u00e7\u00e3o\",\"potentialAction\":[{\"@type\":\"SearchAction\",\"target\":{\"@type\":\"EntryPoint\",\"urlTemplate\":\"https:\/\/fia.com.br\/graduacao\/?s={search_term_string}\"},\"query-input\":{\"@type\":\"PropertyValueSpecification\",\"valueRequired\":true,\"valueName\":\"search_term_string\"}}],\"inLanguage\":\"pt-BR\"}]}<\/script>\n<!-- \/ Yoast SEO plugin. -->","yoast_head_json":{"title":"Consulta Diploma - Gradua\u00e7\u00e3o","robots":{"index":"index","follow":"follow","max-snippet":"max-snippet:-1","max-image-preview":"max-image-preview:large","max-video-preview":"max-video-preview:-1"},"canonical":"https:\/\/fia.com.br\/graduacao\/consulta-diploma\/","og_locale":"pt_BR","og_type":"article","og_title":"Consulta Diploma - Gradua\u00e7\u00e3o","og_description":"Consulta P\u00fablica de Diplomas expedidos a partir do m\u00eas de agosto de 2019 Para obter a confirma\u00e7\u00e3o do diploma, Informe o nome completo, n\u00famero de expedi\u00e7\u00e3o e n\u00famero do registro.","og_url":"https:\/\/fia.com.br\/graduacao\/consulta-diploma\/","og_site_name":"Gradua\u00e7\u00e3o","twitter_card":"summary_large_image","twitter_misc":{"Est. tempo de leitura":"1 minuto"},"schema":{"@context":"https:\/\/schema.org","@graph":[{"@type":"WebPage","@id":"https:\/\/fia.com.br\/graduacao\/consulta-diploma\/","url":"https:\/\/fia.com.br\/graduacao\/consulta-diploma\/","name":"Consulta Diploma - Gradua\u00e7\u00e3o","isPartOf":{"@id":"https:\/\/fia.com.br\/graduacao\/#website"},"datePublished":"2025-01-21T17:21:07+00:00","dateModified":"2025-01-21T17:21:07+00:00","breadcrumb":{"@id":"https:\/\/fia.com.br\/graduacao\/consulta-diploma\/#breadcrumb"},"inLanguage":"pt-BR","potentialAction":[{"@type":"ReadAction","target":["https:\/\/fia.com.br\/graduacao\/consulta-diploma\/"]}]},{"@type":"BreadcrumbList","@id":"https:\/\/fia.com.br\/graduacao\/consulta-diploma\/#breadcrumb","itemListElement":[{"@type":"ListItem","position":1,"name":"In\u00edcio","item":"https:\/\/fia.com.br\/graduacao\/"},{"@type":"ListItem","position":2,"name":"Consulta Diploma"}]},{"@type":"WebSite","@id":"https:\/\/fia.com.br\/graduacao\/#website","url":"https:\/\/fia.com.br\/graduacao\/","name":"FIA","description":"FIA - Funda\u00e7\u00e3o Instituto de Administra\u00e7\u00e3o","potentialAction":[{"@type":"SearchAction","target":{"@type":"EntryPoint","urlTemplate":"https:\/\/fia.com.br\/graduacao\/?s={search_term_string}"},"query-input":{"@type":"PropertyValueSpecification","valueRequired":true,"valueName":"search_term_string"}}],"inLanguage":"pt-BR"}]}},"_links":{"self":[{"href":"https:\/\/fia.com.br\/graduacao\/wp-json\/wp\/v2\/pages\/15149","targetHints":{"allow":["GET"]}}],"collection":[{"href":"https:\/\/fia.com.br\/graduacao\/wp-json\/wp\/v2\/pages"}],"about":[{"href":"https:\/\/fia.com.br\/graduacao\/wp-json\/wp\/v2\/types\/page"}],"author":[{"embeddable":true,"href":"https:\/\/fia.com.br\/graduacao\/wp-json\/wp\/v2\/users\/57"}],"replies":[{"embeddable":true,"href":"https:\/\/fia.com.br\/graduacao\/wp-json\/wp\/v2\/comments?post=15149"}],"version-history":[{"count":0,"href":"https:\/\/fia.com.br\/graduacao\/wp-json\/wp\/v2\/pages\/15149\/revisions"}],"wp:attachment":[{"href":"https:\/\/fia.com.br\/graduacao\/wp-json\/wp\/v2\/media?parent=15149"}],"curies":[{"name":"wp","href":"https:\/\/api.w.org\/{rel}","templated":true}]}}