{"id":93713,"date":"2024-12-13T12:01:01","date_gmt":"2024-12-13T15:01:01","guid":{"rendered":"https:\/\/fia.com.br\/masters-and-doctorate\/"},"modified":"2026-03-10T16:42:56","modified_gmt":"2026-03-10T19:42:56","slug":"masters-and-doctorate","status":"publish","type":"page","link":"https:\/\/fia.com.br\/en\/masters-and-doctorate\/","title":{"rendered":"Master&#8217;s and Doctorate"},"content":{"rendered":"\t\t<div data-elementor-type=\"wp-page\" data-elementor-id=\"93713\" class=\"elementor elementor-93713 elementor-89122\" data-elementor-post-type=\"page\">\n\t\t\t\t\t\t<section class=\"has_eae_slider elementor-section elementor-top-section elementor-element elementor-element-3b8f628 elementor-section-height-min-height elementor-section-items-stretch elementor-section-boxed elementor-section-height-default\" data-id=\"3b8f628\" data-element_type=\"section\" data-settings=\"{&quot;background_background&quot;:&quot;classic&quot;}\">\n\t\t\t\t\t\t\t<div class=\"elementor-background-overlay\"><\/div>\n\t\t\t\t\t\t\t<div class=\"elementor-container elementor-column-gap-wider\">\n\t\t\t\t\t<div class=\"has_eae_slider elementor-column elementor-col-50 elementor-top-column elementor-element elementor-element-9ccced2\" data-id=\"9ccced2\" data-element_type=\"column\">\n\t\t\t<div class=\"elementor-widget-wrap elementor-element-populated\">\n\t\t\t\t\t\t<div class=\"elementor-element elementor-element-c8df034 elementor-widget__width-initial elementor-widget elementor-widget-heading\" data-id=\"c8df034\" data-element_type=\"widget\" data-widget_type=\"heading.default\">\n\t\t\t\t<div class=\"elementor-widget-container\">\n\t\t\t<h1 class=\"elementor-heading-title elementor-size-default\">Professional Master's and Doctorate<\/h1>\t\t<\/div>\n\t\t\t\t<\/div>\n\t\t\t\t<div class=\"elementor-element elementor-element-f784390 elementor-widget__width-initial elementor-widget elementor-widget-heading\" data-id=\"f784390\" data-element_type=\"widget\" data-widget_type=\"heading.default\">\n\t\t\t\t<div class=\"elementor-widget-container\">\n\t\t\t<h2 class=\"elementor-heading-title elementor-size-default\">Broaden your horizons and lead the future of business!<\/h2>\t\t<\/div>\n\t\t\t\t<\/div>\n\t\t\t\t\t<\/div>\n\t\t<\/div>\n\t\t\t\t<div class=\"has_eae_slider elementor-column elementor-col-50 elementor-top-column elementor-element elementor-element-e48acf0 elementor-hidden-tablet elementor-hidden-mobile\" data-id=\"e48acf0\" data-element_type=\"column\" data-settings=\"{&quot;background_background&quot;:&quot;classic&quot;}\">\n\t\t\t<div class=\"elementor-widget-wrap\">\n\t\t\t\t\t\t\t<\/div>\n\t\t<\/div>\n\t\t\t\t\t<\/div>\n\t\t<\/section>\n\t\t<div class=\"has_eae_slider elementor-element elementor-element-12e3b02 e-flex e-con-boxed e-con e-parent\" data-id=\"12e3b02\" data-element_type=\"container\" data-settings=\"{&quot;background_background&quot;:&quot;classic&quot;}\">\n\t\t\t\t\t<div class=\"e-con-inner\">\n\t\t\t\t<div class=\"elementor-element elementor-element-c50950d elementor-widget elementor-widget-text-editor\" data-id=\"c50950d\" data-element_type=\"widget\" data-widget_type=\"text-editor.default\">\n\t\t\t\t<div class=\"elementor-widget-container\">\n\t\t\t\t\t\t\t<p>FIA&#8217;s Professional Master&#8217;s and Doctorate stand out for combining theory and practice with professional success. The excellence of these courses is due to FIA&#8217;s more than 40 years of experience in executive education of internationally recognized quality, combined with the pedagogical capacity of a faculty in which there is a predominance of doctors graduated from USP, with experience abroad and working in business consulting and executive education courses of the institution, which follow global quality standards. <\/p>\n\t\t\t\t\t\t<\/div>\n\t\t\t\t<\/div>\n\t\t<div class=\"has_eae_slider elementor-element elementor-element-bf85b72 e-con-full e-flex e-con e-child\" data-id=\"bf85b72\" data-element_type=\"container\">\n\t\t<div class=\"has_eae_slider elementor-element elementor-element-e4c98fc e-con-full e-flex e-con e-child\" data-id=\"e4c98fc\" data-element_type=\"container\" data-settings=\"{&quot;background_background&quot;:&quot;classic&quot;}\">\n\t\t<div class=\"has_eae_slider elementor-element elementor-element-ec4f496 e-con-full e-flex e-con e-child\" data-id=\"ec4f496\" data-element_type=\"container\">\n\t\t<div class=\"has_eae_slider elementor-element elementor-element-4556429 e-con-full e-flex e-con e-child\" data-id=\"4556429\" data-element_type=\"container\" data-settings=\"{&quot;background_background&quot;:&quot;classic&quot;}\">\n\t\t\t\t<div class=\"elementor-element elementor-element-105ad17 elementor-widget elementor-widget-heading\" data-id=\"105ad17\" data-element_type=\"widget\" data-widget_type=\"heading.default\">\n\t\t\t\t<div class=\"elementor-widget-container\">\n\t\t\t<h2 class=\"elementor-heading-title elementor-size-default\">Master's degree<\/h2>\t\t<\/div>\n\t\t\t\t<\/div>\n\t\t\t\t<div class=\"elementor-element elementor-element-a164840 elementor-align-center elementor-mobile-align-center modal-popup elementor-widget elementor-widget-button\" data-id=\"a164840\" data-element_type=\"widget\" data-target=\"#popup-29299\" data-widget_type=\"button.default\">\n\t\t\t\t<div class=\"elementor-widget-container\">\n\t\t\t\t\t<div class=\"elementor-button-wrapper\">\n\t\t\t<a class=\"elementor-button elementor-button-link elementor-size-sm elementor-animation-grow\" href=\"https:\/\/fia.com.br\/en\/masters\/\" target=\"_blank\">\n\t\t\t\t\t\t<span class=\"elementor-button-content-wrapper\">\n\t\t\t\t\t\t\t\t\t<span class=\"elementor-button-text\">I want to know more<\/span>\n\t\t\t\t\t<\/span>\n\t\t\t\t\t<\/a>\n\t\t<\/div>\n\t\t\t\t<\/div>\n\t\t\t\t<\/div>\n\t\t\t\t<\/div>\n\t\t<div class=\"has_eae_slider elementor-element elementor-element-dd0f919 e-con-full e-flex e-con e-child\" data-id=\"dd0f919\" data-element_type=\"container\" data-settings=\"{&quot;background_background&quot;:&quot;classic&quot;}\">\n\t\t\t\t<div class=\"elementor-element elementor-element-9a4a67c elementor-widget elementor-widget-heading\" data-id=\"9a4a67c\" data-element_type=\"widget\" data-widget_type=\"heading.default\">\n\t\t\t\t<div class=\"elementor-widget-container\">\n\t\t\t<h2 class=\"elementor-heading-title elementor-size-default\">Doctorate<\/h2>\t\t<\/div>\n\t\t\t\t<\/div>\n\t\t\t\t<div class=\"elementor-element elementor-element-b7d9075 elementor-align-center elementor-mobile-align-center modal-popup elementor-widget elementor-widget-button\" data-id=\"b7d9075\" data-element_type=\"widget\" data-target=\"#popup-29299\" data-widget_type=\"button.default\">\n\t\t\t\t<div class=\"elementor-widget-container\">\n\t\t\t\t\t<div class=\"elementor-button-wrapper\">\n\t\t\t<a class=\"elementor-button elementor-button-link elementor-size-sm elementor-animation-grow\" href=\"https:\/\/fia.com.br\/en\/?page_id=89392\" target=\"_blank\">\n\t\t\t\t\t\t<span class=\"elementor-button-content-wrapper\">\n\t\t\t\t\t\t\t\t\t<span class=\"elementor-button-text\">I want to know more<\/span>\n\t\t\t\t\t<\/span>\n\t\t\t\t\t<\/a>\n\t\t<\/div>\n\t\t\t\t<\/div>\n\t\t\t\t<\/div>\n\t\t\t\t<\/div>\n\t\t\t\t<\/div>\n\t\t\t\t<\/div>\n\t\t\t\t<\/div>\n\t\t\t\t\t<\/div>\n\t\t\t\t<\/div>\n\t\t\t\t<\/div>\n\t\t","protected":false},"excerpt":{"rendered":"<p>Professional Master&#8217;s and Doctorate Broaden your horizons and lead the future of business! FIA&#8217;s Professional Master&#8217;s and Doctorate stand out for combining theory and practice [&hellip;]<\/p>\n","protected":false},"author":57,"featured_media":0,"parent":0,"menu_order":0,"comment_status":"closed","ping_status":"closed","template":"elementor_header_footer","meta":{"_acf_changed":false,"footnotes":"","beyondwords_generate_audio":"","beyondwords_project_id":"","beyondwords_content_id":"","beyondwords_preview_token":"","beyondwords_player_style":"","beyondwords_language_id":"","beyondwords_title_voice_id":"","beyondwords_body_voice_id":"","beyondwords_summary_voice_id":"","beyondwords_error_message":"","beyondwords_disabled":"","beyondwords_delete_content":"","beyondwords_podcast_id":"","beyondwords_hash":"","publish_post_to_speechkit":"","speechkit_hash":"","speechkit_generate_audio":"","speechkit_project_id":"","speechkit_podcast_id":"","speechkit_error_message":"","speechkit_disabled":"","speechkit_access_key":"","speechkit_error":"","speechkit_info":"","speechkit_response":"","speechkit_retries":"","speechkit_status":"","speechkit_updated_at":"","_speechkit_link":"","_speechkit_text":""},"categoria":[],"tipo":[],"class_list":["post-93713","page","type-page","status-publish","hentry"],"acf":[],"yoast_head":"<!-- This site is optimized with the Yoast SEO plugin v23.5 - https:\/\/yoast.com\/wordpress\/plugins\/seo\/ -->\n<title>Master&#039;s and Doctorate - FIA<\/title>\n<meta name=\"robots\" content=\"index, follow, max-snippet:-1, max-image-preview:large, max-video-preview:-1\" \/>\n<link rel=\"canonical\" href=\"https:\/\/fia.com.br\/en\/masters-and-doctorate\/\" \/>\n<meta property=\"og:locale\" content=\"en_US\" \/>\n<meta property=\"og:type\" content=\"article\" \/>\n<meta property=\"og:title\" content=\"Master&#039;s and Doctorate - FIA\" \/>\n<meta property=\"og:description\" content=\"Professional Master&#8217;s and Doctorate Broaden your horizons and lead the future of business! FIA&#8217;s Professional Master&#8217;s and Doctorate stand out for combining theory and practice [&hellip;]\" \/>\n<meta property=\"og:url\" content=\"https:\/\/fia.com.br\/en\/masters-and-doctorate\/\" \/>\n<meta property=\"og:site_name\" content=\"FIA\" \/>\n<meta property=\"article:modified_time\" content=\"2026-03-10T19:42:56+00:00\" \/>\n<meta name=\"twitter:card\" content=\"summary_large_image\" \/>\n<meta name=\"twitter:label1\" content=\"Est. reading time\" \/>\n\t<meta name=\"twitter:data1\" content=\"1 minute\" \/>\n<!-- \/ Yoast SEO plugin. -->","yoast_head_json":{"title":"Master's and Doctorate - FIA","robots":{"index":"index","follow":"follow","max-snippet":"max-snippet:-1","max-image-preview":"max-image-preview:large","max-video-preview":"max-video-preview:-1"},"canonical":"https:\/\/fia.com.br\/en\/masters-and-doctorate\/","og_locale":"en_US","og_type":"article","og_title":"Master's and Doctorate - FIA","og_description":"Professional Master&#8217;s and Doctorate Broaden your horizons and lead the future of business! FIA&#8217;s Professional Master&#8217;s and Doctorate stand out for combining theory and practice [&hellip;]","og_url":"https:\/\/fia.com.br\/en\/masters-and-doctorate\/","og_site_name":"FIA","article_modified_time":"2026-03-10T19:42:56+00:00","twitter_card":"summary_large_image","twitter_misc":{"Est. reading time":"1 minute"},"schema":{"@context":"https:\/\/schema.org","@graph":[{"@type":"WebPage","@id":"https:\/\/fia.com.br\/en\/masters-and-doctorate\/","url":"https:\/\/fia.com.br\/en\/masters-and-doctorate\/","name":"Master's and Doctorate - FIA","isPartOf":{"@id":"https:\/\/fia.com.br\/en\/#website"},"datePublished":"2024-12-13T15:01:01+00:00","dateModified":"2026-03-10T19:42:56+00:00","breadcrumb":{"@id":"https:\/\/fia.com.br\/en\/masters-and-doctorate\/#breadcrumb"},"inLanguage":"en-US","potentialAction":[{"@type":"ReadAction","target":["https:\/\/fia.com.br\/en\/masters-and-doctorate\/"]}]},{"@type":"BreadcrumbList","@id":"https:\/\/fia.com.br\/en\/masters-and-doctorate\/#breadcrumb","itemListElement":[{"@type":"ListItem","position":1,"name":"In\u00edcio","item":"https:\/\/fia.com.br\/en\/"},{"@type":"ListItem","position":2,"name":"Master&#8217;s and Doctorate"}]},{"@type":"WebSite","@id":"https:\/\/fia.com.br\/en\/#website","url":"https:\/\/fia.com.br\/en\/","name":"FIA","description":"Funda\u00e7\u00e3o Instituto de Administra\u00e7\u00e3o","potentialAction":[{"@type":"SearchAction","target":{"@type":"EntryPoint","urlTemplate":"https:\/\/fia.com.br\/en\/?s={search_term_string}"},"query-input":{"@type":"PropertyValueSpecification","valueRequired":true,"valueName":"search_term_string"}}],"inLanguage":"en-US"}]}},"jetpack_sharing_enabled":true,"_links":{"self":[{"href":"https:\/\/fia.com.br\/en\/wp-json\/wp\/v2\/pages\/93713","targetHints":{"allow":["GET"]}}],"collection":[{"href":"https:\/\/fia.com.br\/en\/wp-json\/wp\/v2\/pages"}],"about":[{"href":"https:\/\/fia.com.br\/en\/wp-json\/wp\/v2\/types\/page"}],"author":[{"embeddable":true,"href":"https:\/\/fia.com.br\/en\/wp-json\/wp\/v2\/users\/57"}],"replies":[{"embeddable":true,"href":"https:\/\/fia.com.br\/en\/wp-json\/wp\/v2\/comments?post=93713"}],"version-history":[{"count":0,"href":"https:\/\/fia.com.br\/en\/wp-json\/wp\/v2\/pages\/93713\/revisions"}],"wp:attachment":[{"href":"https:\/\/fia.com.br\/en\/wp-json\/wp\/v2\/media?parent=93713"}],"wp:term":[{"taxonomy":"categoria","embeddable":true,"href":"https:\/\/fia.com.br\/en\/wp-json\/wp\/v2\/categoria?post=93713"},{"taxonomy":"tipo","embeddable":true,"href":"https:\/\/fia.com.br\/en\/wp-json\/wp\/v2\/tipo?post=93713"}],"curies":[{"name":"wp","href":"https:\/\/api.w.org\/{rel}","templated":true}]}}