{"id":87389,"date":"2019-05-13T13:01:28","date_gmt":"2019-05-13T16:01:28","guid":{"rendered":"https:\/\/fia.com.br\/covenants\/"},"modified":"2026-01-28T11:59:24","modified_gmt":"2026-01-28T14:59:24","slug":"covenants","status":"publish","type":"page","link":"https:\/\/fia.com.br\/en\/covenants\/","title":{"rendered":"Covenants"},"content":{"rendered":"\t\t<div data-elementor-type=\"wp-post\" data-elementor-id=\"87389\" class=\"elementor elementor-87389\" data-elementor-post-type=\"page\">\n\t\t\t\t\t\t<section class=\"has_eae_slider elementor-section elementor-top-section elementor-element elementor-element-2e0b680 elementor-section-stretched elementor-section-boxed elementor-section-height-default elementor-section-height-default\" data-id=\"2e0b680\" data-element_type=\"section\" data-settings=\"{&quot;stretch_section&quot;:&quot;section-stretched&quot;,&quot;background_background&quot;:&quot;classic&quot;}\">\n\t\t\t\t\t\t\t<div class=\"elementor-background-overlay\"><\/div>\n\t\t\t\t\t\t\t<div class=\"elementor-container elementor-column-gap-default\">\n\t\t\t\t\t<div class=\"has_eae_slider elementor-column elementor-col-100 elementor-top-column elementor-element elementor-element-d5c8513\" data-id=\"d5c8513\" data-element_type=\"column\">\n\t\t\t<div class=\"elementor-widget-wrap elementor-element-populated\">\n\t\t\t\t\t\t<div class=\"elementor-element elementor-element-ab43738 elementor-widget__width-initial elementor-widget elementor-widget-heading\" data-id=\"ab43738\" data-element_type=\"widget\" data-widget_type=\"heading.default\">\n\t\t\t\t<div class=\"elementor-widget-container\">\n\t\t\t<h1 class=\"elementor-heading-title elementor-size-default\">Understanding Covenants: Key Insights and Guidelines<\/h1>\t\t<\/div>\n\t\t\t\t<\/div>\n\t\t\t\t\t<\/div>\n\t\t<\/div>\n\t\t\t\t\t<\/div>\n\t\t<\/section>\n\t\t\t\t<section class=\"has_eae_slider elementor-section elementor-top-section elementor-element elementor-element-8234876 elementor-section-boxed elementor-section-height-default elementor-section-height-default\" data-id=\"8234876\" data-element_type=\"section\" data-settings=\"{&quot;background_background&quot;:&quot;gradient&quot;}\">\n\t\t\t\t\t\t<div class=\"elementor-container elementor-column-gap-default\">\n\t\t\t\t\t<div class=\"has_eae_slider elementor-column elementor-col-100 elementor-top-column elementor-element elementor-element-3b7142e\" data-id=\"3b7142e\" data-element_type=\"column\">\n\t\t\t<div class=\"elementor-widget-wrap elementor-element-populated\">\n\t\t\t\t\t\t<div class=\"elementor-element elementor-element-0ae728c elementor-widget elementor-widget-spacer\" data-id=\"0ae728c\" data-element_type=\"widget\" data-widget_type=\"spacer.default\">\n\t\t\t\t<div class=\"elementor-widget-container\">\n\t\t\t\t\t<div class=\"elementor-spacer\">\n\t\t\t<div class=\"elementor-spacer-inner\"><\/div>\n\t\t<\/div>\n\t\t\t\t<\/div>\n\t\t\t\t<\/div>\n\t\t\t\t<div class=\"elementor-element elementor-element-88ea9e5 elementor-tabs-view-horizontal elementor-widget elementor-widget-tabs\" data-id=\"88ea9e5\" data-element_type=\"widget\" data-widget_type=\"tabs.default\">\n\t\t\t\t<div class=\"elementor-widget-container\">\n\t\t\t\t\t<div class=\"elementor-tabs\">\n\t\t\t<div class=\"elementor-tabs-wrapper\" role=\"tablist\" >\n\t\t\t\t\t\t\t\t\t<div id=\"elementor-tab-title-1431\" class=\"elementor-tab-title elementor-tab-desktop-title\" aria-selected=\"true\" data-tab=\"1\" role=\"tab\" tabindex=\"0\" aria-controls=\"elementor-tab-content-1431\" aria-expanded=\"false\">All countries<\/div>\n\t\t\t\t\t\t\t\t\t<div id=\"elementor-tab-title-1432\" class=\"elementor-tab-title elementor-tab-desktop-title\" aria-selected=\"false\" data-tab=\"2\" role=\"tab\" tabindex=\"-1\" aria-controls=\"elementor-tab-content-1432\" aria-expanded=\"false\">Germany<\/div>\n\t\t\t\t\t\t\t\t\t<div id=\"elementor-tab-title-1433\" class=\"elementor-tab-title elementor-tab-desktop-title\" aria-selected=\"false\" data-tab=\"3\" role=\"tab\" tabindex=\"-1\" aria-controls=\"elementor-tab-content-1433\" aria-expanded=\"false\">South America<\/div>\n\t\t\t\t\t\t\t\t\t<div id=\"elementor-tab-title-1434\" class=\"elementor-tab-title elementor-tab-desktop-title\" aria-selected=\"false\" data-tab=\"4\" role=\"tab\" tabindex=\"-1\" aria-controls=\"elementor-tab-content-1434\" aria-expanded=\"false\">Canada<\/div>\n\t\t\t\t\t\t\t\t\t<div id=\"elementor-tab-title-1435\" class=\"elementor-tab-title elementor-tab-desktop-title\" aria-selected=\"false\" data-tab=\"5\" role=\"tab\" tabindex=\"-1\" aria-controls=\"elementor-tab-content-1435\" aria-expanded=\"false\">China<\/div>\n\t\t\t\t\t\t\t\t\t<div id=\"elementor-tab-title-1436\" class=\"elementor-tab-title elementor-tab-desktop-title\" aria-selected=\"false\" data-tab=\"6\" role=\"tab\" tabindex=\"-1\" aria-controls=\"elementor-tab-content-1436\" aria-expanded=\"false\">Spain<\/div>\n\t\t\t\t\t\t\t\t\t<div id=\"elementor-tab-title-1437\" class=\"elementor-tab-title elementor-tab-desktop-title\" aria-selected=\"false\" data-tab=\"7\" role=\"tab\" tabindex=\"-1\" aria-controls=\"elementor-tab-content-1437\" aria-expanded=\"false\">United States<\/div>\n\t\t\t\t\t\t\t\t\t<div id=\"elementor-tab-title-1438\" class=\"elementor-tab-title elementor-tab-desktop-title\" aria-selected=\"false\" data-tab=\"8\" role=\"tab\" tabindex=\"-1\" aria-controls=\"elementor-tab-content-1438\" aria-expanded=\"false\">France<\/div>\n\t\t\t\t\t\t\t\t\t<div id=\"elementor-tab-title-1439\" class=\"elementor-tab-title elementor-tab-desktop-title\" aria-selected=\"false\" data-tab=\"9\" role=\"tab\" tabindex=\"-1\" aria-controls=\"elementor-tab-content-1439\" aria-expanded=\"false\">Italy<\/div>\n\t\t\t\t\t\t\t\t\t<div id=\"elementor-tab-title-14310\" class=\"elementor-tab-title elementor-tab-desktop-title\" aria-selected=\"false\" data-tab=\"10\" role=\"tab\" tabindex=\"-1\" aria-controls=\"elementor-tab-content-14310\" aria-expanded=\"false\">India<\/div>\n\t\t\t\t\t\t\t\t\t<div id=\"elementor-tab-title-14311\" class=\"elementor-tab-title elementor-tab-desktop-title\" aria-selected=\"false\" data-tab=\"11\" role=\"tab\" tabindex=\"-1\" aria-controls=\"elementor-tab-content-14311\" aria-expanded=\"false\">England<\/div>\n\t\t\t\t\t\t\t\t\t<div id=\"elementor-tab-title-14312\" class=\"elementor-tab-title elementor-tab-desktop-title\" aria-selected=\"false\" data-tab=\"12\" role=\"tab\" tabindex=\"-1\" aria-controls=\"elementor-tab-content-14312\" aria-expanded=\"false\">Israel<\/div>\n\t\t\t\t\t\t\t\t\t<div id=\"elementor-tab-title-14313\" class=\"elementor-tab-title elementor-tab-desktop-title\" aria-selected=\"false\" data-tab=\"13\" role=\"tab\" tabindex=\"-1\" aria-controls=\"elementor-tab-content-14313\" aria-expanded=\"false\">Mexico<\/div>\n\t\t\t\t\t\t\t\t\t<div id=\"elementor-tab-title-14314\" class=\"elementor-tab-title elementor-tab-desktop-title\" aria-selected=\"false\" data-tab=\"14\" role=\"tab\" tabindex=\"-1\" aria-controls=\"elementor-tab-content-14314\" aria-expanded=\"false\">Portugal<\/div>\n\t\t\t\t\t\t\t\t\t<div id=\"elementor-tab-title-14315\" class=\"elementor-tab-title elementor-tab-desktop-title\" aria-selected=\"false\" data-tab=\"15\" role=\"tab\" tabindex=\"-1\" aria-controls=\"elementor-tab-content-14315\" aria-expanded=\"false\">Switzerland<\/div>\n\t\t\t\t\t\t\t<\/div>\n\t\t\t<div class=\"elementor-tabs-content-wrapper\" role=\"tablist\" aria-orientation=\"vertical\">\n\t\t\t\t\t\t\t\t\t<div class=\"elementor-tab-title elementor-tab-mobile-title\" aria-selected=\"true\" data-tab=\"1\" role=\"tab\" tabindex=\"0\" aria-controls=\"elementor-tab-content-1431\" aria-expanded=\"false\">All countries<\/div>\n\t\t\t\t\t<div id=\"elementor-tab-content-1431\" class=\"elementor-tab-content elementor-clearfix\" data-tab=\"1\" role=\"tabpanel\" aria-labelledby=\"elementor-tab-title-1431\" tabindex=\"0\" hidden=\"false\"><style>\n    .resp-container {<br \/>    position: relative;<br \/>    overflow: hidden;<br \/>    padding-top: 0%;<br \/>}<br \/>.resp-iframe {<br \/>    max-width: 100%;<br \/>    height: 580px;<br \/>}<\/p>\n<\/style>\n<div class=\"resp-container\"><iframe src=\"\/todos-os-paises\/\" width=\"100px\" height=\"1940px\" seamless=\"\"><\/iframe><\/div>\n<\/div>\n\t\t\t\t\t\t\t\t\t<div class=\"elementor-tab-title elementor-tab-mobile-title\" aria-selected=\"false\" data-tab=\"2\" role=\"tab\" tabindex=\"-1\" aria-controls=\"elementor-tab-content-1432\" aria-expanded=\"false\">Germany<\/div>\n\t\t\t\t\t<div id=\"elementor-tab-content-1432\" class=\"elementor-tab-content elementor-clearfix\" data-tab=\"2\" role=\"tabpanel\" aria-labelledby=\"elementor-tab-title-1432\" tabindex=\"0\" hidden=\"hidden\"><style>\n    .resp-container {<br \/>    position: relative;<br \/>    overflow: hidden;<br \/>    padding-top: 0%;<br \/>}<br \/>.resp-iframe {<br \/>    max-width: 100%;<br \/>    height: 560px;<br \/>}<\/p>\n<\/style>\n<div class=\"resp-container\"><iframe src=\"\/uni-alemanha\/\" width=\"100%\" height=\"500\" seamless=\"\"><\/iframe><\/div>\n<\/div>\n\t\t\t\t\t\t\t\t\t<div class=\"elementor-tab-title elementor-tab-mobile-title\" aria-selected=\"false\" data-tab=\"3\" role=\"tab\" tabindex=\"-1\" aria-controls=\"elementor-tab-content-1433\" aria-expanded=\"false\">South America<\/div>\n\t\t\t\t\t<div id=\"elementor-tab-content-1433\" class=\"elementor-tab-content elementor-clearfix\" data-tab=\"3\" role=\"tabpanel\" aria-labelledby=\"elementor-tab-title-1433\" tabindex=\"0\" hidden=\"hidden\"><style>\n    .resp-container {<br \/>    position: relative;<br \/>    overflow: hidden;<br \/>    padding-top: 0%;<br \/>}<br \/>.resp-iframe {<br \/>    max-width: 100%;<br \/>    height: 560px;<br \/>}<\/p>\n<\/style>\n<div class=\"resp-container\"><iframe src=\"\/uni-america-do-sul\/\" width=\"100%\" height=\"500\" seamless=\"\"><\/iframe><\/div>\n<\/div>\n\t\t\t\t\t\t\t\t\t<div class=\"elementor-tab-title elementor-tab-mobile-title\" aria-selected=\"false\" data-tab=\"4\" role=\"tab\" tabindex=\"-1\" aria-controls=\"elementor-tab-content-1434\" aria-expanded=\"false\">Canada<\/div>\n\t\t\t\t\t<div id=\"elementor-tab-content-1434\" class=\"elementor-tab-content elementor-clearfix\" data-tab=\"4\" role=\"tabpanel\" aria-labelledby=\"elementor-tab-title-1434\" tabindex=\"0\" hidden=\"hidden\"><style>\n    .resp-container {<br \/>    position: relative;<br \/>    overflow: hidden;<br \/>    padding-top: 0%;<br \/>}<br \/>.resp-iframe {<br \/>    max-width: 100%;<br \/>    height: 560px;<br \/>}<\/p>\n<\/style>\n<div class=\"resp-container\"><iframe src=\"\/canada-2\" width=\"100%\" height=\"500\" seamless=\"\"><\/iframe><\/div>\n<\/div>\n\t\t\t\t\t\t\t\t\t<div class=\"elementor-tab-title elementor-tab-mobile-title\" aria-selected=\"false\" data-tab=\"5\" role=\"tab\" tabindex=\"-1\" aria-controls=\"elementor-tab-content-1435\" aria-expanded=\"false\">China<\/div>\n\t\t\t\t\t<div id=\"elementor-tab-content-1435\" class=\"elementor-tab-content elementor-clearfix\" data-tab=\"5\" role=\"tabpanel\" aria-labelledby=\"elementor-tab-title-1435\" tabindex=\"0\" hidden=\"hidden\"><style>\n    .resp-container {<br \/>    position: relative;<br \/>    overflow: hidden;<br \/>    padding-top: 0%;<br \/>}<br \/>.resp-iframe {<br \/>    max-width: 100%;<br \/>    height: 560px;<br \/>}<\/p>\n<\/style>\n<div class=\"resp-container\"><iframe src=\"\/uni-china\/\" width=\"100%\" height=\"500\" seamless=\"\"><\/iframe><\/div>\n<\/div>\n\t\t\t\t\t\t\t\t\t<div class=\"elementor-tab-title elementor-tab-mobile-title\" aria-selected=\"false\" data-tab=\"6\" role=\"tab\" tabindex=\"-1\" aria-controls=\"elementor-tab-content-1436\" aria-expanded=\"false\">Spain<\/div>\n\t\t\t\t\t<div id=\"elementor-tab-content-1436\" class=\"elementor-tab-content elementor-clearfix\" data-tab=\"6\" role=\"tabpanel\" aria-labelledby=\"elementor-tab-title-1436\" tabindex=\"0\" hidden=\"hidden\"><style>.resp-container {<br \/> position: relative;<br \/> overflow: hidden;<br \/> padding-top: 0%;<br \/>}<br \/>.resp-iframe {<br \/> max-width: 100%;<br \/> height: 500px;<br \/>}<\/p>\n<\/style>\n<div class=\"resp-container\"><iframe src=\"\/uni-espanha\/\" width=\"100%\" height=\"500\" seamless=\"\"><\/iframe><\/div>\n<\/div>\n\t\t\t\t\t\t\t\t\t<div class=\"elementor-tab-title elementor-tab-mobile-title\" aria-selected=\"false\" data-tab=\"7\" role=\"tab\" tabindex=\"-1\" aria-controls=\"elementor-tab-content-1437\" aria-expanded=\"false\">United States<\/div>\n\t\t\t\t\t<div id=\"elementor-tab-content-1437\" class=\"elementor-tab-content elementor-clearfix\" data-tab=\"7\" role=\"tabpanel\" aria-labelledby=\"elementor-tab-title-1437\" tabindex=\"0\" hidden=\"hidden\"><style>\n    .resp-container {<br \/>    position: relative;<br \/>    overflow: hidden;<br \/>    padding-top: 0%;<br \/>}<br \/>.resp-iframe {<br \/>    max-width: 100%;<br \/>    height: 560px;<br \/>}<\/p>\n<\/style>\n<div class=\"resp-container\"><iframe src=\"\/uni-eua\/\" width=\"100%\" height=\"850\" seamless=\"\"><\/iframe><\/div>\n<\/div>\n\t\t\t\t\t\t\t\t\t<div class=\"elementor-tab-title elementor-tab-mobile-title\" aria-selected=\"false\" data-tab=\"8\" role=\"tab\" tabindex=\"-1\" aria-controls=\"elementor-tab-content-1438\" aria-expanded=\"false\">France<\/div>\n\t\t\t\t\t<div id=\"elementor-tab-content-1438\" class=\"elementor-tab-content elementor-clearfix\" data-tab=\"8\" role=\"tabpanel\" aria-labelledby=\"elementor-tab-title-1438\" tabindex=\"0\" hidden=\"hidden\"><style>\n    .resp-container {<br \/>    position: relative;<br \/>    overflow: hidden;<br \/>    padding-top: 0%;<br \/>}<br \/>.resp-iframe {<br \/>    max-width: 100%;<br \/>    height: 560px;<br \/>}<\/p>\n<\/style>\n<div class=\"resp-container\"><iframe src=\"\/uni-fra\/\" width=\"100%\" height=\"500\" seamless=\"\"><\/iframe><\/div>\n<\/div>\n\t\t\t\t\t\t\t\t\t<div class=\"elementor-tab-title elementor-tab-mobile-title\" aria-selected=\"false\" data-tab=\"9\" role=\"tab\" tabindex=\"-1\" aria-controls=\"elementor-tab-content-1439\" aria-expanded=\"false\">Italy<\/div>\n\t\t\t\t\t<div id=\"elementor-tab-content-1439\" class=\"elementor-tab-content elementor-clearfix\" data-tab=\"9\" role=\"tabpanel\" aria-labelledby=\"elementor-tab-title-1439\" tabindex=\"0\" hidden=\"hidden\"><style>\n    .resp-container {<br \/>    position: relative;<br \/>    overflow: hidden;<br \/>    padding-top: 0%;<br \/>}<br \/>.resp-iframe {<br \/>    max-width: 100%;<br \/>    height: 560px;<br \/>}<\/p>\n<\/style>\n<div class=\"resp-container\"><iframe src=\"\/uni-italia\/\" width=\"100%\" height=\"500\" seamless=\"\"><\/iframe><\/div>\n<\/div>\n\t\t\t\t\t\t\t\t\t<div class=\"elementor-tab-title elementor-tab-mobile-title\" aria-selected=\"false\" data-tab=\"10\" role=\"tab\" tabindex=\"-1\" aria-controls=\"elementor-tab-content-14310\" aria-expanded=\"false\">India<\/div>\n\t\t\t\t\t<div id=\"elementor-tab-content-14310\" class=\"elementor-tab-content elementor-clearfix\" data-tab=\"10\" role=\"tabpanel\" aria-labelledby=\"elementor-tab-title-14310\" tabindex=\"0\" hidden=\"hidden\"><style>\n    .resp-container {<br \/>    position: relative;<br \/>    overflow: hidden;<br \/>    padding-top: 0%;<br \/>}<br \/>.resp-iframe {<br \/>    max-width: 100%;<br \/>    height: 560px;<br \/>}<\/p>\n<\/style>\n<div class=\"resp-container\"><iframe src=\"\/uni-india\/\" width=\"100%\" height=\"500\" seamless=\"\"><\/iframe><\/div>\n<\/div>\n\t\t\t\t\t\t\t\t\t<div class=\"elementor-tab-title elementor-tab-mobile-title\" aria-selected=\"false\" data-tab=\"11\" role=\"tab\" tabindex=\"-1\" aria-controls=\"elementor-tab-content-14311\" aria-expanded=\"false\">England<\/div>\n\t\t\t\t\t<div id=\"elementor-tab-content-14311\" class=\"elementor-tab-content elementor-clearfix\" data-tab=\"11\" role=\"tabpanel\" aria-labelledby=\"elementor-tab-title-14311\" tabindex=\"0\" hidden=\"hidden\"><style>\n    .resp-container {<br \/>    position: relative;<br \/>    overflow: hidden;<br \/>    padding-top: 0%;<br \/>}<br \/>.resp-iframe {<br \/>    max-width: 100%;<br \/>    height: 560px;<br \/>}<\/p>\n<\/style>\n<div class=\"resp-container\"><iframe src=\"\/uni-inglaterra\/\" width=\"100%\" height=\"500\" seamless=\"\"><\/iframe><\/div>\n<\/div>\n\t\t\t\t\t\t\t\t\t<div class=\"elementor-tab-title elementor-tab-mobile-title\" aria-selected=\"false\" data-tab=\"12\" role=\"tab\" tabindex=\"-1\" aria-controls=\"elementor-tab-content-14312\" aria-expanded=\"false\">Israel<\/div>\n\t\t\t\t\t<div id=\"elementor-tab-content-14312\" class=\"elementor-tab-content elementor-clearfix\" data-tab=\"12\" role=\"tabpanel\" aria-labelledby=\"elementor-tab-title-14312\" tabindex=\"0\" hidden=\"hidden\"><style>\n    .resp-container {<br \/>    position: relative;<br \/>    overflow: hidden;<br \/>    padding-top: 0%;<br \/>}<br \/>.resp-iframe {<br \/>    max-width: 100%;<br \/>    height: 560px;<br \/>}<\/p>\n<\/style>\n<div class=\"resp-container\"><iframe src=\"\/uni-israel\/\" width=\"100%\" height=\"500\" seamless=\"\"><\/iframe><\/div>\n<\/div>\n\t\t\t\t\t\t\t\t\t<div class=\"elementor-tab-title elementor-tab-mobile-title\" aria-selected=\"false\" data-tab=\"13\" role=\"tab\" tabindex=\"-1\" aria-controls=\"elementor-tab-content-14313\" aria-expanded=\"false\">Mexico<\/div>\n\t\t\t\t\t<div id=\"elementor-tab-content-14313\" class=\"elementor-tab-content elementor-clearfix\" data-tab=\"13\" role=\"tabpanel\" aria-labelledby=\"elementor-tab-title-14313\" tabindex=\"0\" hidden=\"hidden\"><style>\n    .resp-container {<br \/>    position: relative;<br \/>    overflow: hidden;<br \/>    padding-top: 0%;<br \/>}<br \/>.resp-iframe {<br \/>    max-width: 100%;<br \/>    height: 560px;<br \/>}<\/p>\n<\/style>\n<div class=\"resp-container\"><iframe src=\"\/uni-mexico\/\" width=\"100%\" height=\"500\" seamless=\"\"><\/iframe><\/div>\n<\/div>\n\t\t\t\t\t\t\t\t\t<div class=\"elementor-tab-title elementor-tab-mobile-title\" aria-selected=\"false\" data-tab=\"14\" role=\"tab\" tabindex=\"-1\" aria-controls=\"elementor-tab-content-14314\" aria-expanded=\"false\">Portugal<\/div>\n\t\t\t\t\t<div id=\"elementor-tab-content-14314\" class=\"elementor-tab-content elementor-clearfix\" data-tab=\"14\" role=\"tabpanel\" aria-labelledby=\"elementor-tab-title-14314\" tabindex=\"0\" hidden=\"hidden\"><style>\n    .resp-container {<br \/>    position: relative;<br \/>    overflow: hidden;<br \/>    padding-top: 0%;<br \/>}<br \/>.resp-iframe {<br \/>    max-width: 100%;<br \/>    height: 560px;<br \/>}<\/p>\n<\/style>\n<div class=\"resp-container\"><iframe src=\"\/uni-portugal\/\" width=\"100%\" height=\"500\" seamless=\"\"><\/iframe><\/div>\n<\/div>\n\t\t\t\t\t\t\t\t\t<div class=\"elementor-tab-title elementor-tab-mobile-title\" aria-selected=\"false\" data-tab=\"15\" role=\"tab\" tabindex=\"-1\" aria-controls=\"elementor-tab-content-14315\" aria-expanded=\"false\">Switzerland<\/div>\n\t\t\t\t\t<div id=\"elementor-tab-content-14315\" class=\"elementor-tab-content elementor-clearfix\" data-tab=\"15\" role=\"tabpanel\" aria-labelledby=\"elementor-tab-title-14315\" tabindex=\"0\" hidden=\"hidden\"><style>\n    .resp-container {<br \/>    position: relative;<br \/>    overflow: hidden;<br \/>    padding-top: 0%;<br \/>}<br \/>.resp-iframe {<br \/>    max-width: 100%;<br \/>    height: 560px;<br \/>}<\/p>\n<\/style>\n<div class=\"resp-container\"><iframe src=\"\/uni-suica\/\" width=\"100%\" height=\"500\" seamless=\"\"><\/iframe><\/div>\n<\/div>\n\t\t\t\t\t\t\t<\/div>\n\t\t<\/div>\n\t\t\t\t<\/div>\n\t\t\t\t<\/div>\n\t\t\t\t\t<\/div>\n\t\t<\/div>\n\t\t\t\t\t<\/div>\n\t\t<\/section>\n\t\t\t\t<\/div>\n\t\t","protected":false},"excerpt":{"rendered":"<p>Understanding Covenants: Key Insights and Guidelines All countries Germany South America Canada China Spain United States France Italy India England Israel Mexico Portugal Switzerland All [&hellip;]<\/p>\n","protected":false},"author":11,"featured_media":0,"parent":0,"menu_order":0,"comment_status":"closed","ping_status":"closed","template":"elementor_header_footer","meta":{"_acf_changed":false,"footnotes":"","beyondwords_generate_audio":"","beyondwords_project_id":"","beyondwords_content_id":"","beyondwords_preview_token":"","beyondwords_player_style":"","beyondwords_language_id":"","beyondwords_title_voice_id":"","beyondwords_body_voice_id":"","beyondwords_summary_voice_id":"","beyondwords_error_message":"","beyondwords_disabled":"","beyondwords_delete_content":"","beyondwords_podcast_id":"","beyondwords_hash":"","publish_post_to_speechkit":"","speechkit_hash":"","speechkit_generate_audio":"","speechkit_project_id":"","speechkit_podcast_id":"","speechkit_error_message":"","speechkit_disabled":"","speechkit_access_key":"","speechkit_error":"","speechkit_info":"","speechkit_response":"","speechkit_retries":"","speechkit_status":"","speechkit_updated_at":"","_speechkit_link":"","_speechkit_text":""},"categoria":[],"tipo":[],"class_list":["post-87389","page","type-page","status-publish","hentry"],"acf":[],"yoast_head":"<!-- This site is optimized with the Yoast SEO plugin v23.5 - https:\/\/yoast.com\/wordpress\/plugins\/seo\/ -->\n<title>Covenants - FIA<\/title>\n<meta name=\"description\" content=\"FIA is recognized worldwide as a reference in teaching. Click and understand more about our agreements with international institutions!\" \/>\n<meta name=\"robots\" content=\"noindex, nofollow\" \/>\n<meta property=\"og:locale\" content=\"en_US\" \/>\n<meta property=\"og:type\" content=\"article\" \/>\n<meta property=\"og:title\" content=\"Covenants - FIA\" \/>\n<meta property=\"og:description\" content=\"FIA is recognized worldwide as a reference in teaching. Click and understand more about our agreements with international institutions!\" \/>\n<meta property=\"og:url\" content=\"https:\/\/fia.com.br\/en\/covenants\/\" \/>\n<meta property=\"og:site_name\" content=\"FIA\" \/>\n<meta property=\"article:modified_time\" content=\"2026-01-28T14:59:24+00:00\" \/>\n<meta name=\"twitter:card\" content=\"summary_large_image\" \/>\n<meta name=\"twitter:label1\" content=\"Est. reading time\" \/>\n\t<meta name=\"twitter:data1\" content=\"1 minute\" \/>\n<!-- \/ Yoast SEO plugin. -->","yoast_head_json":{"title":"Covenants - FIA","description":"FIA is recognized worldwide as a reference in teaching. Click and understand more about our agreements with international institutions!","robots":{"index":"noindex","follow":"nofollow"},"og_locale":"en_US","og_type":"article","og_title":"Covenants - FIA","og_description":"FIA is recognized worldwide as a reference in teaching. Click and understand more about our agreements with international institutions!","og_url":"https:\/\/fia.com.br\/en\/covenants\/","og_site_name":"FIA","article_modified_time":"2026-01-28T14:59:24+00:00","twitter_card":"summary_large_image","twitter_misc":{"Est. reading time":"1 minute"},"schema":{"@context":"https:\/\/schema.org","@graph":[{"@type":"WebPage","@id":"https:\/\/fia.com.br\/en\/covenants\/","url":"https:\/\/fia.com.br\/en\/covenants\/","name":"Covenants - FIA","isPartOf":{"@id":"https:\/\/fia.com.br\/en\/#website"},"datePublished":"2019-05-13T16:01:28+00:00","dateModified":"2026-01-28T14:59:24+00:00","description":"FIA is recognized worldwide as a reference in teaching. Click and understand more about our agreements with international institutions!","breadcrumb":{"@id":"https:\/\/fia.com.br\/en\/covenants\/#breadcrumb"},"inLanguage":"en-US","potentialAction":[{"@type":"ReadAction","target":["https:\/\/fia.com.br\/en\/covenants\/"]}]},{"@type":"BreadcrumbList","@id":"https:\/\/fia.com.br\/en\/covenants\/#breadcrumb","itemListElement":[{"@type":"ListItem","position":1,"name":"In\u00edcio","item":"https:\/\/fia.com.br\/en\/"},{"@type":"ListItem","position":2,"name":"Covenants"}]},{"@type":"WebSite","@id":"https:\/\/fia.com.br\/en\/#website","url":"https:\/\/fia.com.br\/en\/","name":"FIA","description":"Funda\u00e7\u00e3o Instituto de Administra\u00e7\u00e3o","potentialAction":[{"@type":"SearchAction","target":{"@type":"EntryPoint","urlTemplate":"https:\/\/fia.com.br\/en\/?s={search_term_string}"},"query-input":{"@type":"PropertyValueSpecification","valueRequired":true,"valueName":"search_term_string"}}],"inLanguage":"en-US"}]}},"jetpack_sharing_enabled":true,"_links":{"self":[{"href":"https:\/\/fia.com.br\/en\/wp-json\/wp\/v2\/pages\/87389","targetHints":{"allow":["GET"]}}],"collection":[{"href":"https:\/\/fia.com.br\/en\/wp-json\/wp\/v2\/pages"}],"about":[{"href":"https:\/\/fia.com.br\/en\/wp-json\/wp\/v2\/types\/page"}],"author":[{"embeddable":true,"href":"https:\/\/fia.com.br\/en\/wp-json\/wp\/v2\/users\/11"}],"replies":[{"embeddable":true,"href":"https:\/\/fia.com.br\/en\/wp-json\/wp\/v2\/comments?post=87389"}],"version-history":[{"count":0,"href":"https:\/\/fia.com.br\/en\/wp-json\/wp\/v2\/pages\/87389\/revisions"}],"wp:attachment":[{"href":"https:\/\/fia.com.br\/en\/wp-json\/wp\/v2\/media?parent=87389"}],"wp:term":[{"taxonomy":"categoria","embeddable":true,"href":"https:\/\/fia.com.br\/en\/wp-json\/wp\/v2\/categoria?post=87389"},{"taxonomy":"tipo","embeddable":true,"href":"https:\/\/fia.com.br\/en\/wp-json\/wp\/v2\/tipo?post=87389"}],"curies":[{"name":"wp","href":"https:\/\/api.w.org\/{rel}","templated":true}]}}