{"id":87388,"date":"2020-06-19T14:48:12","date_gmt":"2020-06-19T17:48:12","guid":{"rendered":"https:\/\/fia.com.br\/fia-college\/"},"modified":"2025-09-11T11:21:09","modified_gmt":"2025-09-11T14:21:09","slug":"fia-college","status":"publish","type":"page","link":"https:\/\/fia.com.br\/en\/fia-college\/","title":{"rendered":"FIA BS"},"content":{"rendered":"\t\t<div data-elementor-type=\"wp-post\" data-elementor-id=\"87388\" class=\"elementor elementor-87388 elementor-33559\" data-elementor-post-type=\"page\">\n\t\t\t\t\t\t<section class=\"has_eae_slider elementor-section elementor-top-section elementor-element elementor-element-5982df6 elementor-section-boxed elementor-section-height-default elementor-section-height-default\" data-id=\"5982df6\" data-element_type=\"section\" data-settings=\"{&quot;background_background&quot;:&quot;classic&quot;}\">\n\t\t\t\t\t\t<div class=\"elementor-container elementor-column-gap-default\">\n\t\t\t\t\t<div class=\"has_eae_slider elementor-column elementor-col-100 elementor-top-column elementor-element elementor-element-03b8bcc\" data-id=\"03b8bcc\" data-element_type=\"column\" data-settings=\"{&quot;background_background&quot;:&quot;classic&quot;}\">\n\t\t\t<div class=\"elementor-widget-wrap elementor-element-populated\">\n\t\t\t\t\t\t<div class=\"elementor-element elementor-element-aa792fc elementor-widget elementor-widget-heading\" data-id=\"aa792fc\" data-element_type=\"widget\" data-widget_type=\"heading.default\">\n\t\t\t\t<div class=\"elementor-widget-container\">\n\t\t\t<h2 class=\"elementor-heading-title elementor-size-default\">Explore FIA College: Premier Business Education<\/h2>\t\t<\/div>\n\t\t\t\t<\/div>\n\t\t\t\t<div class=\"elementor-element elementor-element-b3a6ad7 elementor-widget elementor-widget-spacer\" data-id=\"b3a6ad7\" data-element_type=\"widget\" data-widget_type=\"spacer.default\">\n\t\t\t\t<div class=\"elementor-widget-container\">\n\t\t\t\t\t<div class=\"elementor-spacer\">\n\t\t\t<div class=\"elementor-spacer-inner\"><\/div>\n\t\t<\/div>\n\t\t\t\t<\/div>\n\t\t\t\t<\/div>\n\t\t\t\t\t<\/div>\n\t\t<\/div>\n\t\t\t\t\t<\/div>\n\t\t<\/section>\n\t\t\t\t<section class=\"has_eae_slider elementor-section elementor-top-section elementor-element elementor-element-9904c65 elementor-section-boxed elementor-section-height-default elementor-section-height-default\" data-id=\"9904c65\" data-element_type=\"section\" data-settings=\"{&quot;background_background&quot;:&quot;classic&quot;}\">\n\t\t\t\t\t\t<div class=\"elementor-container elementor-column-gap-wider\">\n\t\t\t\t\t<div class=\"has_eae_slider elementor-column elementor-col-50 elementor-top-column elementor-element elementor-element-0936eb3\" data-id=\"0936eb3\" data-element_type=\"column\" data-settings=\"{&quot;background_background&quot;:&quot;classic&quot;}\">\n\t\t\t<div class=\"elementor-widget-wrap elementor-element-populated\">\n\t\t\t\t\t\t<div class=\"elementor-element elementor-element-28abdf7 elementor-widget elementor-widget-heading\" data-id=\"28abdf7\" data-element_type=\"widget\" data-widget_type=\"heading.default\">\n\t\t\t\t<div class=\"elementor-widget-container\">\n\t\t\t<h2 class=\"elementor-heading-title elementor-size-default\"><b>ABOUT FIA BS<\/b><\/h2>\t\t<\/div>\n\t\t\t\t<\/div>\n\t\t\t\t<div class=\"elementor-element elementor-element-d0980be elementor-widget elementor-widget-text-editor\" data-id=\"d0980be\" data-element_type=\"widget\" data-widget_type=\"text-editor.default\">\n\t\t\t\t<div class=\"elementor-widget-container\">\n\t\t\t\t\t\t\t<p><span style=\"color: #000b2b;\">The implementation of FIA Business School, in 2010, determined a new historical milestone in search of constant adaptation to the various changes that arise in the internal and external environment of the Institutions and the consequent changes that the management system of higher education institutions are going through.<\/span><\/p>\n<p><span style=\"color: #000b2b;\">Currently, FIA BS offers the Bachelor\u2019s Degree in Business Administration and the Lato Sensu postgraduate programs, MBA and extension programs.<\/span><\/p>\n<p><span style=\"color: #000b2b;\">FIA Business School is maintained by the Funda\u00e7\u00e3o Instituto de Administra\u00e7\u00e3o and operates at the higher education level, with a standard of excellence, a physical structure capable of meeting all the needs of students and professors, with a large bibliographic collection that contributes to a quality education, formal and political, in a dynamic and progressive way.<\/span><\/p>\t\t\t\t\t\t<\/div>\n\t\t\t\t<\/div>\n\t\t\t\t<div class=\"elementor-element elementor-element-e7f18d9 elementor-widget elementor-widget-spacer\" data-id=\"e7f18d9\" data-element_type=\"widget\" data-widget_type=\"spacer.default\">\n\t\t\t\t<div class=\"elementor-widget-container\">\n\t\t\t\t\t<div class=\"elementor-spacer\">\n\t\t\t<div class=\"elementor-spacer-inner\"><\/div>\n\t\t<\/div>\n\t\t\t\t<\/div>\n\t\t\t\t<\/div>\n\t\t\t\t<div class=\"elementor-element elementor-element-58e931d elementor-widget elementor-widget-heading\" data-id=\"58e931d\" data-element_type=\"widget\" data-widget_type=\"heading.default\">\n\t\t\t\t<div class=\"elementor-widget-container\">\n\t\t\t<h2 class=\"elementor-heading-title elementor-size-default\"><b>MISSION OF FIA BS <\/b><\/h2>\t\t<\/div>\n\t\t\t\t<\/div>\n\t\t\t\t<div class=\"elementor-element elementor-element-c932c5f elementor-widget elementor-widget-text-editor\" data-id=\"c932c5f\" data-element_type=\"widget\" data-widget_type=\"text-editor.default\">\n\t\t\t\t<div class=\"elementor-widget-container\">\n\t\t\t\t\t\t\t<p><span style=\"color: #000b2b;\">Carry out educational actions, with a view to training professionals with technical skills, intellectual autonomy, a sense of justice and humanity, based on the construction of knowledge through teaching, research and extension.<\/span><\/p>\n\t\t\t\t\t\t<\/div>\n\t\t\t\t<\/div>\n\t\t\t\t<div class=\"elementor-element elementor-element-a6ba377 elementor-widget elementor-widget-spacer\" data-id=\"a6ba377\" data-element_type=\"widget\" data-widget_type=\"spacer.default\">\n\t\t\t\t<div class=\"elementor-widget-container\">\n\t\t\t\t\t<div class=\"elementor-spacer\">\n\t\t\t<div class=\"elementor-spacer-inner\"><\/div>\n\t\t<\/div>\n\t\t\t\t<\/div>\n\t\t\t\t<\/div>\n\t\t\t\t<div class=\"elementor-element elementor-element-c3cf935 elementor-widget elementor-widget-image\" data-id=\"c3cf935\" data-element_type=\"widget\" data-widget_type=\"image.default\">\n\t\t\t\t<div class=\"elementor-widget-container\">\n\t\t\t\t\t\t\t\t\t\t\t\t\t<img fetchpriority=\"high\" decoding=\"async\" width=\"600\" height=\"394\" src=\"https:\/\/fia.com.br\/wp-content\/uploads\/2022\/11\/banner_qrcode.png\" class=\"attachment-large size-large wp-image-83468\" alt=\"\" srcset=\"https:\/\/fia.com.br\/wp-content\/uploads\/2022\/11\/banner_qrcode.png 689w, https:\/\/fia.com.br\/wp-content\/uploads\/2022\/11\/banner_qrcode-300x197.png 300w\" sizes=\"(max-width: 600px) 100vw, 600px\" \/>\t\t\t\t\t\t\t\t\t\t\t\t\t<\/div>\n\t\t\t\t<\/div>\n\t\t\t\t<div class=\"elementor-element elementor-element-fcfe3b2 elementor-widget elementor-widget-spacer\" data-id=\"fcfe3b2\" data-element_type=\"widget\" data-widget_type=\"spacer.default\">\n\t\t\t\t<div class=\"elementor-widget-container\">\n\t\t\t\t\t<div class=\"elementor-spacer\">\n\t\t\t<div class=\"elementor-spacer-inner\"><\/div>\n\t\t<\/div>\n\t\t\t\t<\/div>\n\t\t\t\t<\/div>\n\t\t\t\t\t<\/div>\n\t\t<\/div>\n\t\t\t\t<div class=\"has_eae_slider elementor-column elementor-col-50 elementor-top-column elementor-element elementor-element-33f2574\" data-id=\"33f2574\" data-element_type=\"column\">\n\t\t\t<div class=\"elementor-widget-wrap elementor-element-populated\">\n\t\t\t\t\t\t<div class=\"elementor-element elementor-element-1390667 elementor-view-default elementor-position-top elementor-mobile-position-top elementor-invisible elementor-widget elementor-widget-icon-box\" data-id=\"1390667\" data-element_type=\"widget\" data-settings=\"{&quot;_animation&quot;:&quot;zoomIn&quot;}\" data-widget_type=\"icon-box.default\">\n\t\t\t\t<div class=\"elementor-widget-container\">\n\t\t\t\t\t<div class=\"elementor-icon-box-wrapper\">\n\n\t\t\t\t\t\t<div class=\"elementor-icon-box-icon\">\n\t\t\t\t<a href=\"http:\/\/fiacombrprd.wpenginepowered.com\/educacao\/\" target=\"_blank\" class=\"elementor-icon elementor-animation-pulse\" tabindex=\"-1\">\n\t\t\t\t<i aria-hidden=\"true\" class=\"fas fa-graduation-cap\"><\/i>\t\t\t\t<\/a>\n\t\t\t<\/div>\n\t\t\t\n\t\t\t\t\t\t<div class=\"elementor-icon-box-content\">\n\n\t\t\t\t\t\t\t\t\t<h3 class=\"elementor-icon-box-title\">\n\t\t\t\t\t\t<a href=\"http:\/\/fiacombrprd.wpenginepowered.com\/educacao\/\" target=\"_blank\" >\n\t\t\t\t\t\t\tLearn about the<br>Programs<br><b>FIA BS<\/b>\t\t\t\t\t\t<\/a>\n\t\t\t\t\t<\/h3>\n\t\t\t\t\n\t\t\t\t\n\t\t\t<\/div>\n\t\t\t\n\t\t<\/div>\n\t\t\t\t<\/div>\n\t\t\t\t<\/div>\n\t\t\t\t<div class=\"elementor-element elementor-element-d23f683 elementor-widget elementor-widget-spacer\" data-id=\"d23f683\" data-element_type=\"widget\" data-widget_type=\"spacer.default\">\n\t\t\t\t<div class=\"elementor-widget-container\">\n\t\t\t\t\t<div class=\"elementor-spacer\">\n\t\t\t<div class=\"elementor-spacer-inner\"><\/div>\n\t\t<\/div>\n\t\t\t\t<\/div>\n\t\t\t\t<\/div>\n\t\t\t\t<div class=\"elementor-element elementor-element-38a87da elementor-align-justify elementor-widget elementor-widget-button\" data-id=\"38a87da\" data-element_type=\"widget\" data-widget_type=\"button.default\">\n\t\t\t\t<div class=\"elementor-widget-container\">\n\t\t\t\t\t<div class=\"elementor-button-wrapper\">\n\t\t\t<a class=\"elementor-button elementor-button-link elementor-size-md elementor-animation-grow\" href=\"http:\/\/ouvidoria.fia.com.br\/\" target=\"_blank\">\n\t\t\t\t\t\t<span class=\"elementor-button-content-wrapper\">\n\t\t\t\t\t\t<span class=\"elementor-button-icon\">\n\t\t\t\t<i aria-hidden=\"true\" class=\"far fa-comments\"><\/i>\t\t\t<\/span>\n\t\t\t\t\t\t\t\t\t<span class=\"elementor-button-text\">Ombudsman<\/span>\n\t\t\t\t\t<\/span>\n\t\t\t\t\t<\/a>\n\t\t<\/div>\n\t\t\t\t<\/div>\n\t\t\t\t<\/div>\n\t\t\t\t<div class=\"elementor-element elementor-element-1678e33 elementor-align-justify elementor-widget elementor-widget-button\" data-id=\"1678e33\" data-element_type=\"widget\" data-widget_type=\"button.default\">\n\t\t\t\t<div class=\"elementor-widget-container\">\n\t\t\t\t\t<div class=\"elementor-button-wrapper\">\n\t\t\t<a class=\"elementor-button elementor-button-link elementor-size-md elementor-animation-grow\" href=\"https:\/\/fia-my.sharepoint.com\/:f:\/g\/personal\/manuais_fia_com_br\/En-Jhm8DLR5MnW3CdAoYr2oB9JviA_I8iC1_8Drm8psR1w?e=cDkQkS\" target=\"_blank\">\n\t\t\t\t\t\t<span class=\"elementor-button-content-wrapper\">\n\t\t\t\t\t\t<span class=\"elementor-button-icon\">\n\t\t\t\t<i aria-hidden=\"true\" class=\"far fa-folder-open\"><\/i>\t\t\t<\/span>\n\t\t\t\t\t\t\t\t\t<span class=\"elementor-button-text\">Repository<\/span>\n\t\t\t\t\t<\/span>\n\t\t\t\t\t<\/a>\n\t\t<\/div>\n\t\t\t\t<\/div>\n\t\t\t\t<\/div>\n\t\t\t\t<div class=\"elementor-element elementor-element-abee794 elementor-align-justify elementor-widget elementor-widget-button\" data-id=\"abee794\" data-element_type=\"widget\" data-widget_type=\"button.default\">\n\t\t\t\t<div class=\"elementor-widget-container\">\n\t\t\t\t\t<div class=\"elementor-button-wrapper\">\n\t\t\t<a class=\"elementor-button elementor-button-link elementor-size-md elementor-animation-grow\" href=\"https:\/\/sites.google.com\/view\/fiagraduacaoaluno\/%C3%A1reas\/psic%C3%B3loga\" target=\"_blank\">\n\t\t\t\t\t\t<span class=\"elementor-button-content-wrapper\">\n\t\t\t\t\t\t<span class=\"elementor-button-icon\">\n\t\t\t\t<i aria-hidden=\"true\" class=\"fas fa-users\"><\/i>\t\t\t<\/span>\n\t\t\t\t\t\t\t\t\t<span class=\"elementor-button-text\">NAP - Psychopedagogical Support Center<\/span>\n\t\t\t\t\t<\/span>\n\t\t\t\t\t<\/a>\n\t\t<\/div>\n\t\t\t\t<\/div>\n\t\t\t\t<\/div>\n\t\t\t\t<div class=\"elementor-element elementor-element-a33dddc elementor-align-justify elementor-widget elementor-widget-button\" data-id=\"a33dddc\" data-element_type=\"widget\" data-widget_type=\"button.default\">\n\t\t\t\t<div class=\"elementor-widget-container\">\n\t\t\t\t\t<div class=\"elementor-button-wrapper\">\n\t\t\t<a class=\"elementor-button elementor-button-link elementor-size-md elementor-animation-grow\" href=\"https:\/\/fiacombrprd.wpenginepowered.com\/comissao-propria-de-avaliacao-cpa\/\" target=\"_blank\">\n\t\t\t\t\t\t<span class=\"elementor-button-content-wrapper\">\n\t\t\t\t\t\t<span class=\"elementor-button-icon\">\n\t\t\t\t<i aria-hidden=\"true\" class=\"far fa-handshake\"><\/i>\t\t\t<\/span>\n\t\t\t\t\t\t\t\t\t<span class=\"elementor-button-text\">Evaluation Committee<\/span>\n\t\t\t\t\t<\/span>\n\t\t\t\t\t<\/a>\n\t\t<\/div>\n\t\t\t\t<\/div>\n\t\t\t\t<\/div>\n\t\t\t\t<div class=\"elementor-element elementor-element-8275377 elementor-widget elementor-widget-spacer\" data-id=\"8275377\" data-element_type=\"widget\" data-widget_type=\"spacer.default\">\n\t\t\t\t<div class=\"elementor-widget-container\">\n\t\t\t\t\t<div class=\"elementor-spacer\">\n\t\t\t<div class=\"elementor-spacer-inner\"><\/div>\n\t\t<\/div>\n\t\t\t\t<\/div>\n\t\t\t\t<\/div>\n\t\t\t\t\t<\/div>\n\t\t<\/div>\n\t\t\t\t\t<\/div>\n\t\t<\/section>\n\t\t\t\t<\/div>\n\t\t","protected":false},"excerpt":{"rendered":"<p>Explore FIA College: Premier Business Education ABOUT FIA BS The implementation of FIA Business School, in 2010, determined a new historical milestone in search of [&hellip;]<\/p>\n","protected":false},"author":11,"featured_media":0,"parent":0,"menu_order":0,"comment_status":"closed","ping_status":"closed","template":"elementor_header_footer","meta":{"_acf_changed":false,"footnotes":"","beyondwords_generate_audio":"","beyondwords_project_id":"","beyondwords_content_id":"","beyondwords_preview_token":"","beyondwords_player_style":"","beyondwords_language_id":"","beyondwords_title_voice_id":"","beyondwords_body_voice_id":"","beyondwords_summary_voice_id":"","beyondwords_error_message":"","beyondwords_disabled":"","beyondwords_delete_content":"","beyondwords_podcast_id":"","beyondwords_hash":"","publish_post_to_speechkit":"","speechkit_hash":"","speechkit_generate_audio":"","speechkit_project_id":"","speechkit_podcast_id":"","speechkit_error_message":"","speechkit_disabled":"","speechkit_access_key":"","speechkit_error":"","speechkit_info":"","speechkit_response":"","speechkit_retries":"","speechkit_status":"","speechkit_updated_at":"","_speechkit_link":"","_speechkit_text":""},"categoria":[],"tipo":[],"class_list":["post-87388","page","type-page","status-publish","hentry"],"acf":[],"yoast_head":"<!-- This site is optimized with the Yoast SEO plugin v23.5 - https:\/\/yoast.com\/wordpress\/plugins\/seo\/ -->\n<title>FIA BS - FIA<\/title>\n<meta name=\"robots\" content=\"noindex, nofollow\" \/>\n<meta property=\"og:locale\" content=\"en_US\" \/>\n<meta property=\"og:type\" content=\"article\" \/>\n<meta property=\"og:title\" content=\"FIA BS - FIA\" \/>\n<meta property=\"og:description\" content=\"Explore FIA College: Premier Business Education ABOUT FIA BS The implementation of FIA Business School, in 2010, determined a new historical milestone in search of [&hellip;]\" \/>\n<meta property=\"og:url\" content=\"https:\/\/fia.com.br\/en\/fia-college\/\" \/>\n<meta property=\"og:site_name\" content=\"FIA\" \/>\n<meta property=\"article:modified_time\" content=\"2025-09-11T14:21:09+00:00\" \/>\n<meta property=\"og:image\" content=\"https:\/\/fia.com.br\/wp-content\/uploads\/2022\/11\/banner_qrcode.png\" \/>\n<meta name=\"twitter:card\" content=\"summary_large_image\" \/>\n<meta name=\"twitter:label1\" content=\"Est. reading time\" \/>\n\t<meta name=\"twitter:data1\" content=\"2 minutes\" \/>\n<!-- \/ Yoast SEO plugin. -->","yoast_head_json":{"title":"FIA BS - FIA","robots":{"index":"noindex","follow":"nofollow"},"og_locale":"en_US","og_type":"article","og_title":"FIA BS - FIA","og_description":"Explore FIA College: Premier Business Education ABOUT FIA BS The implementation of FIA Business School, in 2010, determined a new historical milestone in search of [&hellip;]","og_url":"https:\/\/fia.com.br\/en\/fia-college\/","og_site_name":"FIA","article_modified_time":"2025-09-11T14:21:09+00:00","og_image":[{"url":"https:\/\/fia.com.br\/wp-content\/uploads\/2022\/11\/banner_qrcode.png"}],"twitter_card":"summary_large_image","twitter_misc":{"Est. reading time":"2 minutes"},"schema":{"@context":"https:\/\/schema.org","@graph":[{"@type":"WebPage","@id":"https:\/\/fia.com.br\/en\/fia-college\/","url":"https:\/\/fia.com.br\/en\/fia-college\/","name":"FIA BS - FIA","isPartOf":{"@id":"https:\/\/fia.com.br\/en\/#website"},"primaryImageOfPage":{"@id":"https:\/\/fia.com.br\/en\/fia-college\/#primaryimage"},"image":{"@id":"https:\/\/fia.com.br\/en\/fia-college\/#primaryimage"},"thumbnailUrl":"https:\/\/fia.com.br\/wp-content\/uploads\/2022\/11\/banner_qrcode.png","datePublished":"2020-06-19T17:48:12+00:00","dateModified":"2025-09-11T14:21:09+00:00","breadcrumb":{"@id":"https:\/\/fia.com.br\/en\/fia-college\/#breadcrumb"},"inLanguage":"en-US","potentialAction":[{"@type":"ReadAction","target":["https:\/\/fia.com.br\/en\/fia-college\/"]}]},{"@type":"ImageObject","inLanguage":"en-US","@id":"https:\/\/fia.com.br\/en\/fia-college\/#primaryimage","url":"https:\/\/fia.com.br\/wp-content\/uploads\/2022\/11\/banner_qrcode.png","contentUrl":"https:\/\/fia.com.br\/wp-content\/uploads\/2022\/11\/banner_qrcode.png"},{"@type":"BreadcrumbList","@id":"https:\/\/fia.com.br\/en\/fia-college\/#breadcrumb","itemListElement":[{"@type":"ListItem","position":1,"name":"In\u00edcio","item":"https:\/\/fia.com.br\/en\/"},{"@type":"ListItem","position":2,"name":"FIA BS"}]},{"@type":"WebSite","@id":"https:\/\/fia.com.br\/en\/#website","url":"https:\/\/fia.com.br\/en\/","name":"FIA","description":"Funda\u00e7\u00e3o Instituto de Administra\u00e7\u00e3o","potentialAction":[{"@type":"SearchAction","target":{"@type":"EntryPoint","urlTemplate":"https:\/\/fia.com.br\/en\/?s={search_term_string}"},"query-input":{"@type":"PropertyValueSpecification","valueRequired":true,"valueName":"search_term_string"}}],"inLanguage":"en-US"}]}},"jetpack_sharing_enabled":true,"_links":{"self":[{"href":"https:\/\/fia.com.br\/en\/wp-json\/wp\/v2\/pages\/87388","targetHints":{"allow":["GET"]}}],"collection":[{"href":"https:\/\/fia.com.br\/en\/wp-json\/wp\/v2\/pages"}],"about":[{"href":"https:\/\/fia.com.br\/en\/wp-json\/wp\/v2\/types\/page"}],"author":[{"embeddable":true,"href":"https:\/\/fia.com.br\/en\/wp-json\/wp\/v2\/users\/11"}],"replies":[{"embeddable":true,"href":"https:\/\/fia.com.br\/en\/wp-json\/wp\/v2\/comments?post=87388"}],"version-history":[{"count":0,"href":"https:\/\/fia.com.br\/en\/wp-json\/wp\/v2\/pages\/87388\/revisions"}],"wp:attachment":[{"href":"https:\/\/fia.com.br\/en\/wp-json\/wp\/v2\/media?parent=87388"}],"wp:term":[{"taxonomy":"categoria","embeddable":true,"href":"https:\/\/fia.com.br\/en\/wp-json\/wp\/v2\/categoria?post=87388"},{"taxonomy":"tipo","embeddable":true,"href":"https:\/\/fia.com.br\/en\/wp-json\/wp\/v2\/tipo?post=87388"}],"curies":[{"name":"wp","href":"https:\/\/api.w.org\/{rel}","templated":true}]}}